{"id":17,"date":"2022-04-04T14:30:33","date_gmt":"2022-04-04T17:30:33","guid":{"rendered":"https:\/\/onebyone.org.br\/site\/?page_id=17"},"modified":"2022-05-03T18:07:57","modified_gmt":"2022-05-03T21:07:57","slug":"projeto-alfabetizacao","status":"publish","type":"page","link":"https:\/\/onebyone.org.br\/site\/projeto-alfabetizacao\/","title":{"rendered":"Projeto Alfabetiza\u00e7\u00e3o"},"content":{"rendered":"<p><div class=\"fusion-fullwidth fullwidth-box fusion-builder-row-1 fusion-flex-container nonhundred-percent-fullwidth non-hundred-percent-height-scrolling\" style=\"background-color: rgba(255,255,255,0);background-position: center center;background-repeat: no-repeat;border-width: 0px 0px 0px 0px;border-color:var(--awb-color3);border-style:solid;\" ><div class=\"fusion-builder-row fusion-row fusion-flex-align-items-flex-start\" style=\"max-width:1248px;margin-left: calc(-4% \/ 2 );margin-right: calc(-4% \/ 2 );\"><div class=\"fusion-layout-column fusion_builder_column fusion-builder-column-0 fusion_builder_column_1_3 1_3 fusion-flex-column\"><div class=\"fusion-column-wrapper fusion-flex-justify-content-flex-start fusion-content-layout-column\" style=\"background-position:left top;background-repeat:no-repeat;-webkit-background-size:cover;-moz-background-size:cover;-o-background-size:cover;background-size:cover;padding: 0px 0px 0px 0px;\"><div class=\"fusion-text fusion-text-1\"><h5>A integra\u00e7\u00e3o social de crian\u00e7as com defici\u00eancia come\u00e7a pela educa\u00e7\u00e3o.<\/h5>\n<\/div><\/div><style type=\"text\/css\">.fusion-body .fusion-builder-column-0{width:33.333333333333% !important;margin-top : 0px;margin-bottom : 20px;}.fusion-builder-column-0 > .fusion-column-wrapper {padding-top : 0px !important;padding-right : 0px !important;margin-right : 5.76%;padding-bottom : 0px !important;padding-left : 0px !important;margin-left : 5.76%;}@media only screen and (max-width:1024px) {.fusion-body .fusion-builder-column-0{width:33.333333333333% !important;order : 0;}.fusion-builder-column-0 > .fusion-column-wrapper {margin-right : 5.76%;margin-left : 5.76%;}}@media only screen and (max-width:768px) {.fusion-body .fusion-builder-column-0{width:100% !important;order : 0;}.fusion-builder-column-0 > .fusion-column-wrapper {margin-right : 1.92%;margin-left : 1.92%;}}<\/style><\/div><div class=\"fusion-layout-column fusion_builder_column fusion-builder-column-1 fusion_builder_column_1_4 1_4 fusion-flex-column\"><div class=\"fusion-column-wrapper fusion-flex-justify-content-flex-start fusion-content-layout-column\" style=\"background-position:left top;background-repeat:no-repeat;-webkit-background-size:cover;-moz-background-size:cover;-o-background-size:cover;background-size:cover;padding: 0px 0px 0px 0px;\"><div class=\"fusion-text fusion-text-2\"><p>Aulas on-line e encontros presenciais mensais para crian\u00e7as atendidas pela ONG que, independente da idade, ainda n\u00e3o foram alfabetizadas.<\/p>\n<\/div><\/div><style type=\"text\/css\">.fusion-body .fusion-builder-column-1{width:25% !important;margin-top : 0px;margin-bottom : 20px;}.fusion-builder-column-1 > .fusion-column-wrapper {padding-top : 0px !important;padding-right : 0px !important;margin-right : 7.68%;padding-bottom : 0px !important;padding-left : 0px !important;margin-left : 7.68%;}@media only screen and (max-width:1024px) {.fusion-body .fusion-builder-column-1{width:25% !important;order : 0;}.fusion-builder-column-1 > .fusion-column-wrapper {margin-right : 7.68%;margin-left : 7.68%;}}@media only screen and (max-width:768px) {.fusion-body .fusion-builder-column-1{width:100% !important;order : 0;}.fusion-builder-column-1 > .fusion-column-wrapper {margin-right : 1.92%;margin-left : 1.92%;}}<\/style><\/div><div class=\"fusion-layout-column fusion_builder_column fusion-builder-column-2 fusion_builder_column_1_3 1_3 fusion-flex-column\"><div class=\"fusion-column-wrapper fusion-flex-justify-content-flex-start fusion-content-layout-column\" style=\"background-position:left top;background-repeat:no-repeat;-webkit-background-size:cover;-moz-background-size:cover;-o-background-size:cover;background-size:cover;padding: 0px 0px 0px 0px;\"><div class=\"fusion-text fusion-text-3\"><p>Muitas frequentam a escola, mas n\u00e3o sabem ainda ler ou escrever. Tamb\u00e9m oferecemos curso de matem\u00e1tica para que nossas crian\u00e7as dominem as quatro opera\u00e7\u00f5es b\u00e1sicas.<\/p>\n<\/div><\/div><style type=\"text\/css\">.fusion-body .fusion-builder-column-2{width:33.333333333333% !important;margin-top : 0px;margin-bottom : 20px;}.fusion-builder-column-2 > .fusion-column-wrapper {padding-top : 0px !important;padding-right : 0px !important;margin-right : 5.76%;padding-bottom : 0px !important;padding-left : 0px !important;margin-left : 5.76%;}@media only screen and (max-width:1024px) {.fusion-body .fusion-builder-column-2{width:33.333333333333% !important;order : 0;}.fusion-builder-column-2 > .fusion-column-wrapper {margin-right : 5.76%;margin-left : 5.76%;}}@media only screen and (max-width:768px) {.fusion-body .fusion-builder-column-2{width:100% !important;order : 0;}.fusion-builder-column-2 > .fusion-column-wrapper {margin-right : 1.92%;margin-left : 1.92%;}}<\/style><\/div><\/div><style type=\"text\/css\">.fusion-body .fusion-flex-container.fusion-builder-row-1{ padding-top : 0px;margin-top : 100px;padding-right : 0px;padding-bottom : 0px;margin-bottom : 50px;padding-left : 0px;}<\/style><\/div><div class=\"fusion-fullwidth fullwidth-box fusion-builder-row-2 fusion-flex-container fusion-parallax-none nonhundred-percent-fullwidth non-hundred-percent-height-scrolling\" style=\"background-color: rgba(255,255,255,0);background-image: url(&quot;https:\/\/onebyone.org.br\/site\/wp-content\/uploads\/2022\/04\/alfabetizacao-back-laranja.jpg&quot;);background-position: center center;background-repeat: no-repeat;border-width: 0px 0px 0px 0px;border-color:var(--awb-color3);border-style:solid;-webkit-background-size:cover;-moz-background-size:cover;-o-background-size:cover;background-size:cover;\" ><div class=\"fusion-builder-row fusion-row fusion-flex-align-items-flex-start\" style=\"max-width:1248px;margin-left: calc(-4% \/ 2 );margin-right: calc(-4% \/ 2 );\"><div class=\"fusion-layout-column fusion_builder_column fusion-builder-column-3 fusion_builder_column_1_1 1_1 fusion-flex-column\"><div class=\"fusion-column-wrapper fusion-flex-justify-content-flex-start fusion-content-layout-column\" style=\"background-position:left top;background-repeat:no-repeat;-webkit-background-size:cover;-moz-background-size:cover;-o-background-size:cover;background-size:cover;padding: 0px 0px 0px 0px;\"><div class=\"fusion-text fusion-text-4 fusion-text-no-margin\" style=\"color:#ffffff;margin-bottom:50px;\"><h2 class=\"white\" style=\"text-align: center; margin-bottom: 40px;\">Que ser madrinha\/padrinho desse projeto transformador?<\/h2>\n<\/div><div style=\"text-align:center;\"><style>.fusion-button.button-1{border-color:var(--awb-color1);border-radius:25px 25px 25px 25px;background:var(--awb-color5);}.fusion-button.button-1 .fusion-button-text,.fusion-button.button-1 i,.fusion-button.button-1:hover .fusion-button-text,.fusion-button.button-1:hover i,.fusion-button.button-1:focus .fusion-button-text,.fusion-button.button-1:focus i,.fusion-button.button-1:active .fusion-button-text,.fusion-button.button-1:active i{color:var(--awb-color1);}.fusion-button.button-1:hover,.fusion-button.button-1:active,.fusion-button.button-1:focus{border-color:var(--awb-color1);background:var(--awb-color4);}<\/style><a class=\"fusion-button button-flat fusion-button-default-size button-custom button-1 fusion-button-default-span fusion-button-default-type botao-madrinha\" target=\"_self\" href=\"https:\/\/api.whatsapp.com\/send?phone=5521982551414&amp;text=Quero%20apoiar%20este%20projeto%20de%20alfabetiza%C3%A7%C3%A3o%20e%20matem%C3%A1tica.\"><span class=\"fusion-button-text\">Clique Aqui<\/span><\/a><\/div><div class=\"fusion-text fusion-text-5\"><p class=\"white\" style=\"text-align: center;\"><em>De Um em Um faremos a diferen\u00e7a<\/em><\/p>\n<\/div><\/div><style type=\"text\/css\">.fusion-body .fusion-builder-column-3{width:100% !important;margin-top : 0px;margin-bottom : 20px;}.fusion-builder-column-3 > .fusion-column-wrapper {padding-top : 0px !important;padding-right : 0px !important;margin-right : 1.92%;padding-bottom : 0px !important;padding-left : 0px !important;margin-left : 1.92%;}@media only screen and (max-width:1024px) {.fusion-body .fusion-builder-column-3{width:100% !important;order : 0;}.fusion-builder-column-3 > .fusion-column-wrapper {margin-right : 1.92%;margin-left : 1.92%;}}@media only screen and (max-width:768px) {.fusion-body .fusion-builder-column-3{width:100% !important;order : 0;}.fusion-builder-column-3 > .fusion-column-wrapper {margin-right : 1.92%;margin-left : 1.92%;}}<\/style><\/div><\/div><style type=\"text\/css\">.fusion-fullwidth.fusion-builder-row-2 a:not(.awb-custom-text-color):not(.fusion-button):not(.fusion-builder-module-control):not(.fusion-social-network-icon):not(.fb-icon-element):not(.fusion-countdown-link):not(.fusion-rollover-link):not(.fusion-rollover-gallery):not(.fusion-button-bar):not(.add_to_cart_button):not(.show_details_button):not(.product_type_external):not(.fusion-view-cart):not(.fusion-quick-view):not(.fusion-rollover-title-link):not(.fusion-breadcrumb-link) , .fusion-fullwidth.fusion-builder-row-2 a:not(.awb-custom-text-color):not(.fusion-button):not(.fusion-builder-module-control):not(.fusion-social-network-icon):not(.fb-icon-element):not(.fusion-countdown-link):not(.fusion-rollover-link):not(.fusion-rollover-gallery):not(.fusion-button-bar):not(.add_to_cart_button):not(.show_details_button):not(.product_type_external):not(.fusion-view-cart):not(.fusion-quick-view):not(.fusion-rollover-title-link):not(.fusion-breadcrumb-link):before, .fusion-fullwidth.fusion-builder-row-2 a:not(.awb-custom-text-color):not(.fusion-button):not(.fusion-builder-module-control):not(.fusion-social-network-icon):not(.fb-icon-element):not(.fusion-countdown-link):not(.fusion-rollover-link):not(.fusion-rollover-gallery):not(.fusion-button-bar):not(.add_to_cart_button):not(.show_details_button):not(.product_type_external):not(.fusion-view-cart):not(.fusion-quick-view):not(.fusion-rollover-title-link):not(.fusion-breadcrumb-link):after {color: var(--awb-color6);}.fusion-fullwidth.fusion-builder-row-2 a:not(.awb-custom-text-hover-color):not(.fusion-button):not(.fusion-builder-module-control):not(.fusion-social-network-icon):not(.fb-icon-element):not(.fusion-countdown-link):not(.fusion-rollover-link):not(.fusion-rollover-gallery):not(.fusion-button-bar):not(.add_to_cart_button):not(.show_details_button):not(.product_type_external):not(.fusion-view-cart):not(.fusion-quick-view):not(.fusion-rollover-title-link):not(.fusion-breadcrumb-link):hover, .fusion-fullwidth.fusion-builder-row-2 a:not(.awb-custom-text-hover-color):not(.fusion-button):not(.fusion-builder-module-control):not(.fusion-social-network-icon):not(.fb-icon-element):not(.fusion-countdown-link):not(.fusion-rollover-link):not(.fusion-rollover-gallery):not(.fusion-button-bar):not(.add_to_cart_button):not(.show_details_button):not(.product_type_external):not(.fusion-view-cart):not(.fusion-quick-view):not(.fusion-rollover-title-link):not(.fusion-breadcrumb-link):hover:before, .fusion-fullwidth.fusion-builder-row-2 a:not(.awb-custom-text-hover-color):not(.fusion-button):not(.fusion-builder-module-control):not(.fusion-social-network-icon):not(.fb-icon-element):not(.fusion-countdown-link):not(.fusion-rollover-link):not(.fusion-rollover-gallery):not(.fusion-button-bar):not(.add_to_cart_button):not(.show_details_button):not(.product_type_external):not(.fusion-view-cart):not(.fusion-quick-view):not(.fusion-rollover-title-link):not(.fusion-breadcrumb-link):hover:after {color: var(--awb-color5);}.fusion-fullwidth.fusion-builder-row-2 .pagination a.inactive:hover, .fusion-fullwidth.fusion-builder-row-2 .fusion-filters .fusion-filter.fusion-active a {border-color: var(--awb-color5);}.fusion-fullwidth.fusion-builder-row-2 .pagination .current {border-color: var(--awb-color5); background-color: var(--awb-color5);}.fusion-fullwidth.fusion-builder-row-2 .fusion-filters .fusion-filter.fusion-active a, .fusion-fullwidth.fusion-builder-row-2 .fusion-date-and-formats .fusion-format-box, .fusion-fullwidth.fusion-builder-row-2 .fusion-popover, .fusion-fullwidth.fusion-builder-row-2 .tooltip-shortcode {color: var(--awb-color5);}#wrapper .fusion-fullwidth.fusion-builder-row-2 .fusion-widget-area .fusion-vertical-menu-widget .menu li.current_page_ancestor > a, #wrapper .fusion-fullwidth.fusion-builder-row-2 .fusion-widget-area .fusion-vertical-menu-widget .menu li.current_page_ancestor > a:before, #wrapper .fusion-fullwidth.fusion-builder-row-2 .fusion-widget-area .fusion-vertical-menu-widget .current-menu-item > a, #wrapper .fusion-fullwidth.fusion-builder-row-2 .fusion-widget-area .fusion-vertical-menu-widget .current-menu-item > a:before, #wrapper .fusion-fullwidth.fusion-builder-row-2 .fusion-widget-area .fusion-vertical-menu-widget .current_page_item > a, #wrapper .fusion-fullwidth.fusion-builder-row-2 .fusion-widget-area .fusion-vertical-menu-widget .current_page_item > a:before {color: var(--awb-color5);}#wrapper .fusion-fullwidth.fusion-builder-row-2 .fusion-widget-area .widget_nav_menu .menu li.current_page_ancestor > a, #wrapper .fusion-fullwidth.fusion-builder-row-2 .fusion-widget-area .widget_nav_menu .menu li.current_page_ancestor > a:before, #wrapper .fusion-fullwidth.fusion-builder-row-2 .fusion-widget-area .widget_nav_menu .current-menu-item > a, #wrapper .fusion-fullwidth.fusion-builder-row-2 .fusion-widget-area .widget_nav_menu .current-menu-item > a:before, #wrapper .fusion-fullwidth.fusion-builder-row-2 .fusion-widget-area .widget_nav_menu .current_page_item > a, #wrapper .fusion-fullwidth.fusion-builder-row-2 .fusion-widget-area .widget_nav_menu .current_page_item > a:before {color: var(--awb-color5);}#wrapper .fusion-fullwidth.fusion-builder-row-2 .fusion-vertical-menu-widget .menu li.current_page_item > a { border-right-color:var(--awb-color5);border-left-color:var(--awb-color5);}#wrapper .fusion-fullwidth.fusion-builder-row-2 .fusion-widget-area .tagcloud a:hover { color: #fff; background-color: var(--awb-color5);border-color: var(--awb-color5);}#main .fusion-fullwidth.fusion-builder-row-2 .post .blog-shortcode-post-title a:hover {color: var(--awb-color5);}.fusion-body .fusion-flex-container.fusion-builder-row-2{ padding-top : 100px;margin-top : 0;padding-right : 80px;padding-bottom : 100px;margin-bottom : 0;padding-left : 60px;}<\/style><\/div><div class=\"fusion-fullwidth fullwidth-box fusion-builder-row-3 fusion-flex-container nonhundred-percent-fullwidth non-hundred-percent-height-scrolling\" style=\"background-color: rgba(255,255,255,0);background-position: center center;background-repeat: no-repeat;border-width: 0px 0px 0px 0px;border-color:var(--awb-color3);border-style:solid;\" ><div class=\"fusion-builder-row fusion-row fusion-flex-align-items-flex-start\" style=\"max-width:1248px;margin-left: calc(-4% \/ 2 );margin-right: calc(-4% \/ 2 );\"><div class=\"fusion-layout-column fusion_builder_column fusion-builder-column-4 fusion_builder_column_1_1 1_1 fusion-flex-column\"><div class=\"fusion-column-wrapper fusion-flex-justify-content-flex-start fusion-content-layout-column\" style=\"background-position:left top;background-repeat:no-repeat;-webkit-background-size:cover;-moz-background-size:cover;-o-background-size:cover;background-size:cover;padding: 0px 0px 0px 0px;\"><style type=\"text\/css\">.fusion-gallery-1 .fusion-gallery-image {border:0px solid var(--awb-color3);}<\/style><div class=\"fusion-gallery fusion-gallery-container fusion-grid-3 fusion-columns-total-5 fusion-gallery-layout-masonry fusion-gallery-1\" style=\"margin:-5px;\"><div class=\"fusion-grid-column fusion-gallery-column fusion-gallery-column-3 hover-type-none fusion-grid-sizer\"><\/div><div style=\"padding:5px;\" class=\"fusion-grid-column fusion-gallery-column fusion-gallery-column-3 hover-type-none fusion-element-landscape\"><div class=\"fusion-gallery-image\"><div style=\"background-image:url(https:\/\/onebyone.org.br\/site\/wp-content\/uploads\/2022\/04\/Alfabetizacao-5.jpg);padding-top:calc((100% + 10px) * 0.4 - 5px);\" class=\"fusion-masonry-element-container\"><img decoding=\"async\" src=\"https:\/\/onebyone.org.br\/site\/wp-content\/uploads\/2022\/04\/Alfabetizacao-5.jpg\" width=\"416\" height=\"273\" alt=\"Aulas de alfabetiza\u00e7\u00e3o e matematica\" title=\"Alfabetiza\u00e7\u00e3o 5\" aria-label=\"Alfabetiza\u00e7\u00e3o 5\" class=\"img-responsive wp-image-372\" srcset=\"https:\/\/onebyone.org.br\/site\/wp-content\/uploads\/2022\/04\/Alfabetizacao-5-200x131.jpg 200w, https:\/\/onebyone.org.br\/site\/wp-content\/uploads\/2022\/04\/Alfabetizacao-5-400x263.jpg 400w, https:\/\/onebyone.org.br\/site\/wp-content\/uploads\/2022\/04\/Alfabetizacao-5.jpg 416w\" sizes=\"(min-width: 2200px) 100vw, (min-width: 640px) 1200px, \" \/><\/div><\/div><\/div><div style=\"padding:5px;\" class=\"fusion-grid-column fusion-gallery-column fusion-gallery-column-3 hover-type-none fusion-element-grid\"><div class=\"fusion-gallery-image\"><div style=\"background-image:url(https:\/\/onebyone.org.br\/site\/wp-content\/uploads\/2022\/04\/Alfabetizacao-3.jpg);padding-top:calc((100% + 10px) * 0.8 - 5px);\" class=\"fusion-masonry-element-container\"><img decoding=\"async\" src=\"https:\/\/onebyone.org.br\/site\/wp-content\/uploads\/2022\/04\/Alfabetizacao-3.jpg\" width=\"291\" height=\"273\" alt=\"Aulas de alfabetiza\u00e7\u00e3o e matematica\" title=\"Alfabetiza\u00e7\u00e3o 3\" aria-label=\"Alfabetiza\u00e7\u00e3o 3\" class=\"img-responsive wp-image-370\" srcset=\"https:\/\/onebyone.org.br\/site\/wp-content\/uploads\/2022\/04\/Alfabetizacao-3-200x188.jpg 200w, https:\/\/onebyone.org.br\/site\/wp-content\/uploads\/2022\/04\/Alfabetizacao-3.jpg 291w\" sizes=\"(min-width: 2200px) 100vw, (min-width: 784px) 397px, (min-width: 712px) 595px, (min-width: 640px) 712px, \" \/><\/div><\/div><\/div><div style=\"padding:5px;\" class=\"fusion-grid-column fusion-gallery-column fusion-gallery-column-3 hover-type-none fusion-element-portrait\"><div class=\"fusion-gallery-image\"><div style=\"background-image:url(https:\/\/onebyone.org.br\/site\/wp-content\/uploads\/2022\/04\/Alfabetizacao-2.jpg);padding-top:calc((100% + 10px) * 1.6);\" class=\"fusion-masonry-element-container\"><img decoding=\"async\" src=\"https:\/\/onebyone.org.br\/site\/wp-content\/uploads\/2022\/04\/Alfabetizacao-2.jpg\" width=\"371\" height=\"573\" alt=\"Aulas de alfabetiza\u00e7\u00e3o e matematica\" title=\"Alfabetiza\u00e7\u00e3o 2\" aria-label=\"Alfabetiza\u00e7\u00e3o 2\" class=\"img-responsive wp-image-369\" srcset=\"https:\/\/onebyone.org.br\/site\/wp-content\/uploads\/2022\/04\/Alfabetizacao-2-200x309.jpg 200w, https:\/\/onebyone.org.br\/site\/wp-content\/uploads\/2022\/04\/Alfabetizacao-2.jpg 371w\" sizes=\"(min-width: 2200px) 100vw, (min-width: 784px) 397px, (min-width: 712px) 595px, (min-width: 640px) 712px, \" \/><\/div><\/div><\/div><div style=\"padding:5px;\" class=\"fusion-grid-column fusion-gallery-column fusion-gallery-column-3 hover-type-none fusion-element-portrait\"><div class=\"fusion-gallery-image\"><div style=\"background-image:url(https:\/\/onebyone.org.br\/site\/wp-content\/uploads\/2022\/04\/Alfabetizacao-1.jpg);padding-top:calc((100% + 10px) * 1.6);\" class=\"fusion-masonry-element-container\"><img decoding=\"async\" src=\"https:\/\/onebyone.org.br\/site\/wp-content\/uploads\/2022\/04\/Alfabetizacao-1.jpg\" width=\"375\" height=\"573\" alt=\"Aulas de alfabetiza\u00e7\u00e3o e matematica\" title=\"Alfabetiza\u00e7\u00e3o 1\" aria-label=\"Alfabetiza\u00e7\u00e3o 1\" class=\"img-responsive wp-image-368\" srcset=\"https:\/\/onebyone.org.br\/site\/wp-content\/uploads\/2022\/04\/Alfabetizacao-1-200x306.jpg 200w, https:\/\/onebyone.org.br\/site\/wp-content\/uploads\/2022\/04\/Alfabetizacao-1.jpg 375w\" sizes=\"(min-width: 2200px) 100vw, (min-width: 784px) 397px, (min-width: 712px) 595px, (min-width: 640px) 712px, \" \/><\/div><\/div><\/div><div style=\"padding:5px;\" class=\"fusion-grid-column fusion-gallery-column fusion-gallery-column-3 hover-type-none fusion-element-portrait\"><div class=\"fusion-gallery-image\"><div style=\"background-image:url(https:\/\/onebyone.org.br\/site\/wp-content\/uploads\/2022\/04\/Alfabetizacao-6.jpg);padding-top:calc((100% + 10px) * 1.6);\" class=\"fusion-masonry-element-container\"><img decoding=\"async\" src=\"https:\/\/onebyone.org.br\/site\/wp-content\/uploads\/2022\/04\/Alfabetizacao-6.jpg\" width=\"372\" height=\"573\" alt=\"Aulas de alfabetiza\u00e7\u00e3o e matematica\" title=\"Alfabetiza\u00e7\u00e3o 6\" aria-label=\"Alfabetiza\u00e7\u00e3o 6\" class=\"img-responsive wp-image-373\" srcset=\"https:\/\/onebyone.org.br\/site\/wp-content\/uploads\/2022\/04\/Alfabetizacao-6-200x308.jpg 200w, https:\/\/onebyone.org.br\/site\/wp-content\/uploads\/2022\/04\/Alfabetizacao-6.jpg 372w\" sizes=\"(min-width: 2200px) 100vw, (min-width: 784px) 397px, (min-width: 712px) 595px, (min-width: 640px) 712px, \" \/><\/div><\/div><\/div><\/div><\/div><style type=\"text\/css\">.fusion-body .fusion-builder-column-4{width:100% !important;margin-top : 0px;margin-bottom : 20px;}.fusion-builder-column-4 > .fusion-column-wrapper {padding-top : 0px !important;padding-right : 0px !important;margin-right : 1.92%;padding-bottom : 0px !important;padding-left : 0px !important;margin-left : 1.92%;}@media only screen and (max-width:1024px) {.fusion-body .fusion-builder-column-4{width:100% !important;order : 0;}.fusion-builder-column-4 > .fusion-column-wrapper {margin-right : 1.92%;margin-left : 1.92%;}}@media only screen and (max-width:768px) {.fusion-body .fusion-builder-column-4{width:100% !important;order : 0;}.fusion-builder-column-4 > .fusion-column-wrapper {margin-right : 1.92%;margin-left : 1.92%;}}<\/style><\/div><\/div><style type=\"text\/css\">.fusion-body .fusion-flex-container.fusion-builder-row-3{ padding-top : 0px;margin-top : 100px;padding-right : 0px;padding-bottom : 0px;margin-bottom : 100px;padding-left : 0px;}<\/style><\/div><\/p>\n","protected":false},"excerpt":{"rendered":"","protected":false},"author":1,"featured_media":0,"parent":0,"menu_order":0,"comment_status":"closed","ping_status":"closed","template":"100-width.php","meta":{"footnotes":""},"class_list":["post-17","page","type-page","status-publish","hentry"],"_links":{"self":[{"href":"https:\/\/onebyone.org.br\/site\/wp-json\/wp\/v2\/pages\/17","targetHints":{"allow":["GET"]}}],"collection":[{"href":"https:\/\/onebyone.org.br\/site\/wp-json\/wp\/v2\/pages"}],"about":[{"href":"https:\/\/onebyone.org.br\/site\/wp-json\/wp\/v2\/types\/page"}],"author":[{"embeddable":true,"href":"https:\/\/onebyone.org.br\/site\/wp-json\/wp\/v2\/users\/1"}],"replies":[{"embeddable":true,"href":"https:\/\/onebyone.org.br\/site\/wp-json\/wp\/v2\/comments?post=17"}],"version-history":[{"count":15,"href":"https:\/\/onebyone.org.br\/site\/wp-json\/wp\/v2\/pages\/17\/revisions"}],"predecessor-version":[{"id":901,"href":"https:\/\/onebyone.org.br\/site\/wp-json\/wp\/v2\/pages\/17\/revisions\/901"}],"wp:attachment":[{"href":"https:\/\/onebyone.org.br\/site\/wp-json\/wp\/v2\/media?parent=17"}],"curies":[{"name":"wp","href":"https:\/\/api.w.org\/{rel}","templated":true}]}}