{"id":29,"date":"2022-04-04T14:32:46","date_gmt":"2022-04-04T17:32:46","guid":{"rendered":"https:\/\/onebyone.org.br\/site\/?page_id=29"},"modified":"2025-11-12T09:52:16","modified_gmt":"2025-11-12T12:52:16","slug":"voluntariado","status":"publish","type":"page","link":"https:\/\/onebyone.org.br\/site\/voluntariado\/","title":{"rendered":"Voluntariado"},"content":{"rendered":"<p><div class=\"fusion-fullwidth fullwidth-box fusion-builder-row-1 fusion-flex-container nonhundred-percent-fullwidth non-hundred-percent-height-scrolling\" style=\"background-color: rgba(255,255,255,0);background-position: center center;background-repeat: no-repeat;border-width: 0px 0px 0px 0px;border-color:var(--awb-color3);border-style:solid;\" ><div class=\"fusion-builder-row fusion-row fusion-flex-align-items-flex-start\" style=\"max-width:1248px;margin-left: calc(-4% \/ 2 );margin-right: calc(-4% \/ 2 );\"><div class=\"fusion-layout-column fusion_builder_column fusion-builder-column-0 fusion_builder_column_2_3 2_3 fusion-flex-column\"><div class=\"fusion-column-wrapper fusion-flex-justify-content-flex-start fusion-content-layout-column\" style=\"background-position:left top;background-repeat:no-repeat;-webkit-background-size:cover;-moz-background-size:cover;-o-background-size:cover;background-size:cover;padding: 0px 0px 0px 0px;\"><div class=\"fusion-text fusion-text-1\"><h2 class=\"black\">Trabalhe Conosco<\/h2>\n<hr class=\"title-line\" \/>\n<\/div><div class=\"fusion-text fusion-text-2\"><p>O trabalho volunt\u00e1rio \u00e9 fonte de realiza\u00e7\u00e3o, pertencimento \u00e0 sociedade e satisfa\u00e7\u00e3o pessoal.<\/p>\n<p>Temos certeza que se todos pudermos em algum momento de nossas vidas ajudar ao pr\u00f3ximo, o mundo ser\u00e1 um lugar muito melhor para se viver.<\/p>\n<p>\u00c9 f\u00e1cil, pois s\u00f3 depende de n\u00f3s!<\/p>\n<\/div><\/div><style type=\"text\/css\">.fusion-body .fusion-builder-column-0{width:66.666666666667% !important;margin-top : 0px;margin-bottom : 20px;}.fusion-builder-column-0 > .fusion-column-wrapper {padding-top : 0px !important;padding-right : 0px !important;margin-right : 2.88%;padding-bottom : 0px !important;padding-left : 0px !important;margin-left : 2.88%;}@media only screen and (max-width:1024px) {.fusion-body .fusion-builder-column-0{width:66.666666666667% !important;order : 0;}.fusion-builder-column-0 > .fusion-column-wrapper {margin-right : 2.88%;margin-left : 2.88%;}}@media only screen and (max-width:768px) {.fusion-body .fusion-builder-column-0{width:100% !important;order : 0;}.fusion-builder-column-0 > .fusion-column-wrapper {margin-right : 1.92%;margin-left : 1.92%;}}<\/style><\/div><div class=\"fusion-layout-column fusion_builder_column fusion-builder-column-1 fusion_builder_column_1_3 1_3 fusion-flex-column\"><div class=\"fusion-column-wrapper fusion-flex-justify-content-flex-start fusion-content-layout-column\" style=\"background-position:left top;background-repeat:no-repeat;-webkit-background-size:cover;-moz-background-size:cover;-o-background-size:cover;background-size:cover;padding: 0px 0px 0px 0px;\"><div ><span class=\" fusion-imageframe imageframe-none imageframe-1 hover-type-none\"><img decoding=\"async\" width=\"500\" height=\"500\" alt=\"atelie-oneByone\" title=\"atelie-2025\" src=\"https:\/\/onebyone.org.br\/site\/wp-content\/uploads\/2025\/11\/atelie-2025-e1762951841714.jpg\" class=\"img-responsive wp-image-1355\"\/><\/span><\/div><\/div><style type=\"text\/css\">.fusion-body .fusion-builder-column-1{width:33.333333333333% !important;margin-top : 0px;margin-bottom : 20px;}.fusion-builder-column-1 > .fusion-column-wrapper {padding-top : 0px !important;padding-right : 0px !important;margin-right : 5.76%;padding-bottom : 0px !important;padding-left : 0px !important;margin-left : 5.76%;}@media only screen and (max-width:1024px) {.fusion-body .fusion-builder-column-1{width:33.333333333333% !important;order : 0;}.fusion-builder-column-1 > .fusion-column-wrapper {margin-right : 5.76%;margin-left : 5.76%;}}@media only screen and (max-width:768px) {.fusion-body .fusion-builder-column-1{width:100% !important;order : 0;}.fusion-builder-column-1 > .fusion-column-wrapper {margin-right : 1.92%;margin-left : 1.92%;}}<\/style><\/div><\/div><style type=\"text\/css\">.fusion-body .fusion-flex-container.fusion-builder-row-1{ padding-top : 0px;margin-top : 8%;padding-right : 0px;padding-bottom : 0px;margin-bottom : 5%;padding-left : 0px;}<\/style><\/div><div class=\"fusion-fullwidth fullwidth-box fusion-builder-row-2 fusion-flex-container nonhundred-percent-fullwidth non-hundred-percent-height-scrolling\" style=\"background-color: rgba(255,255,255,0);background-position: center center;background-repeat: no-repeat;border-width: 0px 0px 0px 0px;border-color:var(--awb-color3);border-style:solid;\" ><div class=\"fusion-builder-row fusion-row fusion-flex-align-items-flex-start\" style=\"max-width:1248px;margin-left: calc(-4% \/ 2 );margin-right: calc(-4% \/ 2 );\"><div class=\"fusion-layout-column fusion_builder_column fusion-builder-column-2 fusion_builder_column_1_1 1_1 fusion-flex-column\"><div class=\"fusion-column-wrapper fusion-flex-justify-content-flex-start fusion-content-layout-column\" style=\"background-position:left top;background-repeat:no-repeat;-webkit-background-size:cover;-moz-background-size:cover;-o-background-size:cover;background-size:cover;padding: 0px 0px 0px 0px;\"><div class=\"fusion-text fusion-text-3 fusion-text-no-margin\" style=\"margin-bottom:50px;\"><h2 style=\"text-align: center;\">Quer ser volunt\u00e1rio da One by One?<\/h2>\n<hr class=\"title-line-center\" \/>\n<\/div><div class=\"fusion-text fusion-text-4\"><p style=\"text-align: center;\">Venha ser feliz conosco e transformar a sua vida e de muitas outras fam\u00edlias!<\/p>\n<p style=\"text-align: center;\">Entre em contato (21) 96772-0135<\/p>\n<\/div><\/div><style type=\"text\/css\">.fusion-body .fusion-builder-column-2{width:100% !important;margin-top : 0px;margin-bottom : 20px;}.fusion-builder-column-2 > .fusion-column-wrapper {padding-top : 0px !important;padding-right : 0px !important;margin-right : 1.92%;padding-bottom : 0px !important;padding-left : 0px !important;margin-left : 1.92%;}@media only screen and (max-width:1024px) {.fusion-body .fusion-builder-column-2{width:100% !important;order : 0;}.fusion-builder-column-2 > .fusion-column-wrapper {margin-right : 1.92%;margin-left : 1.92%;}}@media only screen and (max-width:768px) {.fusion-body .fusion-builder-column-2{width:100% !important;order : 0;}.fusion-builder-column-2 > .fusion-column-wrapper {margin-right : 1.92%;margin-left : 1.92%;}}<\/style><\/div><\/div><style type=\"text\/css\">.fusion-body .fusion-flex-container.fusion-builder-row-2{ padding-top : 0px;margin-top : 0px;padding-right : 0px;padding-bottom : 0px;margin-bottom : 0px;padding-left : 0px;}<\/style><\/div><div class=\"fusion-fullwidth fullwidth-box fusion-builder-row-3 fusion-flex-container nonhundred-percent-fullwidth non-hundred-percent-height-scrolling\" style=\"background-color: rgba(255,255,255,0);background-position: center center;background-repeat: no-repeat;border-width: 0px 0px 0px 0px;border-color:var(--awb-color3);border-style:solid;\" ><div class=\"fusion-builder-row fusion-row fusion-flex-align-items-flex-start\" style=\"max-width:1248px;margin-left: calc(-4% \/ 2 );margin-right: calc(-4% \/ 2 );\"><div class=\"fusion-layout-column fusion_builder_column fusion-builder-column-3 fusion_builder_column_1_1 1_1 fusion-flex-column\"><div class=\"fusion-column-wrapper fusion-flex-justify-content-flex-start fusion-content-layout-column\" style=\"background-position:left top;background-repeat:no-repeat;-webkit-background-size:cover;-moz-background-size:cover;-o-background-size:cover;background-size:cover;padding: 0px 0px 0px 0px;\"><div class=\"fusion-text fusion-text-5\"><h2 style=\"text-align: center;\">QUEREMOS AGRADECER AOS NOSSOS <span class=\"green\">QUERIDOS VOLUNT\u00c1RIOS<\/span>, DE UM EM UM VOC\u00caS CHEGARAM E NOS AJUDARAM A MUDAR A VIDA DE MUITAS CRIAN\u00c7AS E SUAS FAM\u00cdLIAS!<\/h2>\n<\/div><\/div><style type=\"text\/css\">.fusion-body .fusion-builder-column-3{width:100% !important;margin-top : 0px;margin-bottom : 20px;}.fusion-builder-column-3 > .fusion-column-wrapper {padding-top : 0px !important;padding-right : 0px !important;margin-right : 1.92%;padding-bottom : 0px !important;padding-left : 0px !important;margin-left : 1.92%;}@media only screen and (max-width:1024px) {.fusion-body .fusion-builder-column-3{width:100% !important;order : 0;}.fusion-builder-column-3 > .fusion-column-wrapper {margin-right : 1.92%;margin-left : 1.92%;}}@media only screen and (max-width:768px) {.fusion-body .fusion-builder-column-3{width:100% !important;order : 0;}.fusion-builder-column-3 > .fusion-column-wrapper {margin-right : 1.92%;margin-left : 1.92%;}}<\/style><\/div><\/div><style type=\"text\/css\">.fusion-body .fusion-flex-container.fusion-builder-row-3{ padding-top : 0px;margin-top : 3%;padding-right : 0px;padding-bottom : 0px;margin-bottom : 3%;padding-left : 0px;}<\/style><\/div><div class=\"fusion-fullwidth fullwidth-box fusion-builder-row-4 fusion-flex-container fusion-parallax-none nonhundred-percent-fullwidth non-hundred-percent-height-scrolling\" style=\"background-color: rgba(255,255,255,0);background-image: url(&quot;https:\/\/onebyone.org.br\/site\/wp-content\/uploads\/2022\/04\/ib-fundo-verde.jpg&quot;);background-position: center center;background-repeat: no-repeat;border-width: 0px 0px 0px 0px;border-color:var(--awb-color3);border-style:solid;-webkit-background-size:cover;-moz-background-size:cover;-o-background-size:cover;background-size:cover;\" id=\"ib-voluntariado\" ><div class=\"fusion-builder-row fusion-row fusion-flex-align-items-flex-start\" style=\"max-width:1248px;margin-left: calc(-4% \/ 2 );margin-right: calc(-4% \/ 2 );\"><div class=\"fusion-layout-column fusion_builder_column fusion-builder-column-4 fusion_builder_column_2_3 2_3 fusion-flex-column\"><div class=\"fusion-column-wrapper fusion-flex-justify-content-flex-start fusion-content-layout-column\" style=\"background-position:left top;background-repeat:no-repeat;-webkit-background-size:cover;-moz-background-size:cover;-o-background-size:cover;background-size:cover;padding: 0px 0px 0px 0px;\"><div class=\"fusion-text fusion-text-6\"><h2 class=\"white\">Estudantes IB!<\/h2>\n<hr class=\"title-line\" \/>\n<\/div><div class=\"fusion-text fusion-text-7\" style=\"color:var(--awb-color1);\"><p>Estudantes fazendo IB (International Baccalaureate), desenvolvam conosco seu projeto de CAS (Creativity, Activity, and Service)!<\/p>\n<p>Muitos estudantes j\u00e1 realizaram incr\u00edveis \u201cCAS projects\u201d com a One by One.<\/p>\n<p>Se quiser participar, entre em contato conosco atrav\u00e9s do e-mail <span style=\"font-weight: 400;\">adm@onebyone.org.br<\/span>.<\/p>\n<\/div><\/div><style type=\"text\/css\">.fusion-body .fusion-builder-column-4{width:66.666666666667% !important;margin-top : 0px;margin-bottom : 20px;}.fusion-builder-column-4 > .fusion-column-wrapper {padding-top : 0px !important;padding-right : 0px !important;margin-right : 2.88%;padding-bottom : 0px !important;padding-left : 0px !important;margin-left : 2.88%;}@media only screen and (max-width:1024px) {.fusion-body .fusion-builder-column-4{width:66.666666666667% !important;order : 0;}.fusion-builder-column-4 > .fusion-column-wrapper {margin-right : 2.88%;margin-left : 2.88%;}}@media only screen and (max-width:768px) {.fusion-body .fusion-builder-column-4{width:100% !important;order : 0;}.fusion-builder-column-4 > .fusion-column-wrapper {margin-right : 1.92%;margin-left : 1.92%;}}<\/style><\/div><div class=\"fusion-layout-column fusion_builder_column fusion-builder-column-5 fusion_builder_column_1_3 1_3 fusion-flex-column\"><div class=\"fusion-column-wrapper fusion-flex-justify-content-flex-start fusion-content-layout-column\" style=\"background-position:left top;background-repeat:no-repeat;-webkit-background-size:cover;-moz-background-size:cover;-o-background-size:cover;background-size:cover;padding: 0px 0px 0px 0px;\"><div style=\"text-align:center;\"><span class=\" fusion-imageframe imageframe-none imageframe-2 hover-type-none\"><img decoding=\"async\" width=\"260\" height=\"269\" alt=\"logo international baccalaureate\" title=\"ib logo\" src=\"https:\/\/onebyone.org.br\/site\/wp-content\/uploads\/2022\/04\/ib-logo.png\" class=\"img-responsive wp-image-633\" srcset=\"https:\/\/onebyone.org.br\/site\/wp-content\/uploads\/2022\/04\/ib-logo-200x207.png 200w, https:\/\/onebyone.org.br\/site\/wp-content\/uploads\/2022\/04\/ib-logo.png 260w\" sizes=\"(max-width: 768px) 100vw, 260px\" \/><\/span><\/div><div class=\"fusion-text fusion-text-8\" style=\"color:var(--awb-color1);\"><p style=\"text-align: center;\">DE UM EM UM PODEMOS MUDAR O MUNDO!<\/p>\n<\/div><\/div><style type=\"text\/css\">.fusion-body .fusion-builder-column-5{width:33.333333333333% !important;margin-top : 0px;margin-bottom : 20px;}.fusion-builder-column-5 > .fusion-column-wrapper {padding-top : 0px !important;padding-right : 0px !important;margin-right : 5.76%;padding-bottom : 0px !important;padding-left : 0px !important;margin-left : 5.76%;}@media only screen and (max-width:1024px) {.fusion-body .fusion-builder-column-5{width:33.333333333333% !important;order : 0;}.fusion-builder-column-5 > .fusion-column-wrapper {margin-right : 5.76%;margin-left : 5.76%;}}@media only screen and (max-width:768px) {.fusion-body .fusion-builder-column-5{width:100% !important;order : 0;}.fusion-builder-column-5 > .fusion-column-wrapper {margin-right : 1.92%;margin-left : 1.92%;}}<\/style><\/div><\/div><style type=\"text\/css\">.fusion-body .fusion-flex-container.fusion-builder-row-4{ padding-top : 100px;margin-top : 0;padding-right : 80px;padding-bottom : 100px;margin-bottom : 0;padding-left : 60px;}<\/style><\/div><div class=\"fusion-fullwidth fullwidth-box fusion-builder-row-5 fusion-flex-container nonhundred-percent-fullwidth non-hundred-percent-height-scrolling\" style=\"background-color: rgba(255,255,255,0);background-position: center center;background-repeat: no-repeat;border-width: 0px 0px 0px 0px;border-color:var(--awb-color3);border-style:solid;\" ><div class=\"fusion-builder-row fusion-row fusion-flex-align-items-flex-start\" style=\"max-width:1248px;margin-left: calc(-4% \/ 2 );margin-right: calc(-4% \/ 2 );\"><div class=\"fusion-layout-column fusion_builder_column fusion-builder-column-6 fusion_builder_column_1_1 1_1 fusion-flex-column\"><div class=\"fusion-column-wrapper fusion-flex-justify-content-flex-start fusion-content-layout-column\" style=\"background-position:left top;background-repeat:no-repeat;-webkit-background-size:cover;-moz-background-size:cover;-o-background-size:cover;background-size:cover;padding: 0px 0px 0px 0px;\"><style type=\"text\/css\">.fusion-gallery-1 .fusion-gallery-image {border:0px solid var(--awb-color3);}<\/style><div class=\"fusion-gallery fusion-gallery-container fusion-grid-3 fusion-columns-total-3 fusion-gallery-layout-masonry fusion-gallery-1\" style=\"margin:-5px;\"><div class=\"fusion-grid-column fusion-gallery-column fusion-gallery-column-3 hover-type-none fusion-grid-sizer\"><\/div><div style=\"padding:5px;\" class=\"fusion-grid-column fusion-gallery-column fusion-gallery-column-3 hover-type-none fusion-element-portrait\"><div class=\"fusion-gallery-image\"><a href=\"https:\/\/onebyone.org.br\/site\/wp-content\/uploads\/2025\/11\/voluntario2-2025.jpg\" rel=\"noreferrer\" data-rel=\"iLightbox[gallery_image_1]\" class=\"fusion-lightbox\" target=\"_self\"><div style=\"background-image:url(https:\/\/onebyone.org.br\/site\/wp-content\/uploads\/2025\/11\/voluntario2-2025.jpg);padding-top:calc((100% + 10px) * 1.6);\" class=\"fusion-masonry-element-container\"><img decoding=\"async\" src=\"https:\/\/onebyone.org.br\/site\/wp-content\/uploads\/2025\/11\/voluntario2-2025.jpg\" width=\"1080\" height=\"1350\" alt=\"\" title=\"voluntario2-2025\" aria-label=\"voluntario2-2025\" class=\"img-responsive wp-image-1353\" srcset=\"https:\/\/onebyone.org.br\/site\/wp-content\/uploads\/2025\/11\/voluntario2-2025-200x250.jpg 200w, https:\/\/onebyone.org.br\/site\/wp-content\/uploads\/2025\/11\/voluntario2-2025-400x500.jpg 400w, https:\/\/onebyone.org.br\/site\/wp-content\/uploads\/2025\/11\/voluntario2-2025-600x750.jpg 600w, https:\/\/onebyone.org.br\/site\/wp-content\/uploads\/2025\/11\/voluntario2-2025-800x1000.jpg 800w, https:\/\/onebyone.org.br\/site\/wp-content\/uploads\/2025\/11\/voluntario2-2025.jpg 1080w\" sizes=\"(min-width: 2200px) 100vw, (min-width: 784px) 397px, (min-width: 712px) 595px, (min-width: 640px) 712px, \" \/><\/div><\/a><\/div><\/div><div style=\"padding:5px;\" class=\"fusion-grid-column fusion-gallery-column fusion-gallery-column-3 hover-type-none fusion-element-portrait\"><div class=\"fusion-gallery-image\"><a href=\"https:\/\/onebyone.org.br\/site\/wp-content\/uploads\/2022\/04\/voluntariado-2.jpg\" rel=\"noreferrer\" data-rel=\"iLightbox[gallery_image_1]\" class=\"fusion-lightbox\" target=\"_self\"><div style=\"background-image:url(https:\/\/onebyone.org.br\/site\/wp-content\/uploads\/2022\/04\/voluntariado-2.jpg);padding-top:calc((100% + 10px) * 1.6);\" class=\"fusion-masonry-element-container\"><img decoding=\"async\" src=\"https:\/\/onebyone.org.br\/site\/wp-content\/uploads\/2022\/04\/voluntariado-2.jpg\" width=\"353\" height=\"500\" alt=\"walkathon one by one\" title=\"voluntariado 2\" aria-label=\"voluntariado 2\" class=\"img-responsive wp-image-629\" srcset=\"https:\/\/onebyone.org.br\/site\/wp-content\/uploads\/2022\/04\/voluntariado-2-200x283.jpg 200w, https:\/\/onebyone.org.br\/site\/wp-content\/uploads\/2022\/04\/voluntariado-2.jpg 353w\" sizes=\"(min-width: 2200px) 100vw, (min-width: 784px) 397px, (min-width: 712px) 595px, (min-width: 640px) 712px, \" \/><\/div><\/a><\/div><\/div><div style=\"padding:5px;\" class=\"fusion-grid-column fusion-gallery-column fusion-gallery-column-3 hover-type-none fusion-element-portrait\"><div class=\"fusion-gallery-image\"><a href=\"https:\/\/onebyone.org.br\/site\/wp-content\/uploads\/2025\/11\/voluntario-2025.jpg\" rel=\"noreferrer\" data-rel=\"iLightbox[gallery_image_1]\" class=\"fusion-lightbox\" target=\"_self\"><div style=\"background-image:url(https:\/\/onebyone.org.br\/site\/wp-content\/uploads\/2025\/11\/voluntario-2025.jpg);padding-top:calc((100% + 10px) * 1.6);\" class=\"fusion-masonry-element-container\"><img decoding=\"async\" src=\"https:\/\/onebyone.org.br\/site\/wp-content\/uploads\/2025\/11\/voluntario-2025.jpg\" width=\"480\" height=\"600\" alt=\"\" title=\"voluntario-2025\" aria-label=\"voluntario-2025\" class=\"img-responsive wp-image-1354\" srcset=\"https:\/\/onebyone.org.br\/site\/wp-content\/uploads\/2025\/11\/voluntario-2025-200x250.jpg 200w, https:\/\/onebyone.org.br\/site\/wp-content\/uploads\/2025\/11\/voluntario-2025-400x500.jpg 400w, https:\/\/onebyone.org.br\/site\/wp-content\/uploads\/2025\/11\/voluntario-2025.jpg 480w\" sizes=\"(min-width: 2200px) 100vw, (min-width: 784px) 397px, (min-width: 712px) 595px, (min-width: 640px) 712px, \" \/><\/div><\/a><\/div><\/div><\/div><div class=\"fusion-video fusion-selfhosted-video\" style=\"margin-top:1%;max-width:100%;\"><div class=\"video-wrapper\"><video playsinline=\"true\" width=\"100%\" style=\"object-fit: cover;\" muted=\"true\" poster=\"https:\/\/onebyone.org.br\/site\/wp-content\/uploads\/2022\/04\/voluntariado-video.jpg\" preload=\"auto\" controls=\"1\"><source src=\"https:\/\/onebyone.org.br\/site\/wp-content\/uploads\/2022\/04\/IMG_1910.mp4\" type=\"video\/mp4\">Sorry, your browser doesn&#039;t support embedded videos.<\/video><\/div><\/div><\/div><style type=\"text\/css\">.fusion-body .fusion-builder-column-6{width:100% !important;margin-top : 0px;margin-bottom : 20px;}.fusion-builder-column-6 > .fusion-column-wrapper {padding-top : 0px !important;padding-right : 0px !important;margin-right : 1.92%;padding-bottom : 0px !important;padding-left : 0px !important;margin-left : 1.92%;}@media only screen and (max-width:1024px) {.fusion-body .fusion-builder-column-6{width:100% !important;order : 0;}.fusion-builder-column-6 > .fusion-column-wrapper {margin-right : 1.92%;margin-left : 1.92%;}}@media only screen and (max-width:768px) {.fusion-body .fusion-builder-column-6{width:100% !important;order : 0;}.fusion-builder-column-6 > .fusion-column-wrapper {margin-right : 1.92%;margin-left : 1.92%;}}<\/style><\/div><\/div><style type=\"text\/css\">.fusion-body .fusion-flex-container.fusion-builder-row-5{ padding-top : 0px;margin-top : 5%;padding-right : 0px;padding-bottom : 0px;margin-bottom : 5%;padding-left : 0px;}<\/style><\/div><\/p>\n","protected":false},"excerpt":{"rendered":"","protected":false},"author":1,"featured_media":0,"parent":0,"menu_order":0,"comment_status":"closed","ping_status":"closed","template":"100-width.php","meta":{"footnotes":""},"class_list":["post-29","page","type-page","status-publish","hentry"],"_links":{"self":[{"href":"https:\/\/onebyone.org.br\/site\/wp-json\/wp\/v2\/pages\/29","targetHints":{"allow":["GET"]}}],"collection":[{"href":"https:\/\/onebyone.org.br\/site\/wp-json\/wp\/v2\/pages"}],"about":[{"href":"https:\/\/onebyone.org.br\/site\/wp-json\/wp\/v2\/types\/page"}],"author":[{"embeddable":true,"href":"https:\/\/onebyone.org.br\/site\/wp-json\/wp\/v2\/users\/1"}],"replies":[{"embeddable":true,"href":"https:\/\/onebyone.org.br\/site\/wp-json\/wp\/v2\/comments?post=29"}],"version-history":[{"count":37,"href":"https:\/\/onebyone.org.br\/site\/wp-json\/wp\/v2\/pages\/29\/revisions"}],"predecessor-version":[{"id":1352,"href":"https:\/\/onebyone.org.br\/site\/wp-json\/wp\/v2\/pages\/29\/revisions\/1352"}],"wp:attachment":[{"href":"https:\/\/onebyone.org.br\/site\/wp-json\/wp\/v2\/media?parent=29"}],"curies":[{"name":"wp","href":"https:\/\/api.w.org\/{rel}","templated":true}]}}