{"id":952,"date":"2022-05-09T10:02:38","date_gmt":"2022-05-09T13:02:38","guid":{"rendered":"https:\/\/onebyone.org.br\/site\/?page_id=952"},"modified":"2022-05-09T11:34:26","modified_gmt":"2022-05-09T14:34:26","slug":"politica-cookies","status":"publish","type":"page","link":"https:\/\/onebyone.org.br\/site\/politica-cookies\/","title":{"rendered":"Pol\u00edtica de Cookies"},"content":{"rendered":"<div class=\"fusion-fullwidth fullwidth-box fusion-builder-row-1 fusion-flex-container nonhundred-percent-fullwidth non-hundred-percent-height-scrolling\" style=\"background-color: rgba(255,255,255,0);background-position: center center;background-repeat: no-repeat;border-width: 0px 0px 0px 0px;border-color:var(--awb-color3);border-style:solid;\" ><div class=\"fusion-builder-row fusion-row fusion-flex-align-items-flex-start\" style=\"max-width:1248px;margin-left: calc(-4% \/ 2 );margin-right: calc(-4% \/ 2 );\"><div class=\"fusion-layout-column fusion_builder_column fusion-builder-column-0 fusion_builder_column_1_1 1_1 fusion-flex-column\"><div class=\"fusion-column-wrapper fusion-flex-justify-content-flex-start fusion-content-layout-column\" style=\"background-position:left top;background-repeat:no-repeat;-webkit-background-size:cover;-moz-background-size:cover;-o-background-size:cover;background-size:cover;padding: 0px 0px 0px 0px;\"><div class=\"fusion-text fusion-text-1 fusion-text-no-margin\" style=\"margin-bottom:50px;\"><h2>Pol\u00edtica de Cookies<\/h2>\n<hr class=\"title-line\" \/>\n<\/div><div class=\"fusion-text fusion-text-2\"><div class=\"cli_pg_page_contaner\">\n<h3>Sobre esta Pol\u00edtica de Cookies<\/h3>\n<div>\n<p>Esta Pol\u00edtica de Cookies explica o que os cookies s\u00e3o, como n\u00f3s os-usamos, e os tipos de cookies que usamos, ou seja, as informa\u00e7\u00f5es que coletamos usando cookies e como essas informa\u00e7\u00f5es s\u00e3o usadas, e como controlar as prefer\u00eancias dos cookies. Para mais informa\u00e7\u00f5es sobre como usamos, armazenamos e mantemos seus dados pessoais seguros, consulte nossa Pol\u00edtica de Privacidade.<\/p>\n<p>Voc\u00ea pode a qualquer momento alterar ou retirar seu consentimento da Declara\u00e7\u00e3o de Cookie em nosso website.<br \/>\nSaiba mais sobre quem somos, como voc\u00ea pode entrar em contato conosco e como processamos dados pessoais em nossa Pol\u00edtica de Privacidade.<br \/>\nSeu consentimento \u00e9 v\u00e1lido para os seguintes dom\u00ednios: onebyone.org.br<div class=\"cli_user_consent_state\">Seu estado atual: N\u00e3o foi dado consentimento. <a class=\"cli_manage_current_consent\" style=\"cursor:pointer;text-decoration:underline;\">Gerenciar consentimento.<\/a> <\/div>\n<\/div>\n<h3>O que s\u00e3o cookies?<\/h3>\n<div>Cookies s\u00e3o pequenos arquivos de texto que s\u00e3o usados para armazenar pequenos peda\u00e7os de informa\u00e7\u00e3o. Elas s\u00e3o armazenadas em seu dispositivo quando o site \u00e9 carregado em seu navegador. Estes cookies nos ajudam a fazer o site funcionar corretamente; torn\u00e1-lo mais seguro; proporcionar uma melhor experi\u00eancia ao usu\u00e1rio; e entender como o site funciona, analisar o que funciona e onde precisa ser melhorado.<\/div>\n<h3>Como usamos os cookies?<\/h3>\n<div>\n<p>Como a maioria dos servi\u00e7os on-line, nosso site usa cookies de primeira m\u00e3o e de terceiros para diversos fins. Cookies de primeira m\u00e3o s\u00e3o, em sua maioria, necess\u00e1rios para que o website funcione da maneira correta e n\u00e3o coletam nenhum de seus dados pessoais identific\u00e1veis.<\/p>\n<p>Os cookies de terceiros utilizados em nosso website s\u00e3o principalmente para entender como o site se desempenha, como voc\u00ea interage com nosso site, mantendo nossos servi\u00e7os seguros, fornecendo an\u00fancios que s\u00e3o relevantes para voc\u00ea e, em resumo, proporcionando a voc\u00ea uma melhor e aperfei\u00e7oada experi\u00eancia de usu\u00e1rio, ajudando tamb\u00e9m a agilizar suas futuras intera\u00e7\u00f5es com nosso site.<\/p>\n<\/div>\n<h3>Que tipo de cookies n\u00f3s usamos?<\/h3>\n<div>\n<p>Essenciais: Alguns cookies s\u00e3o essenciais para que voc\u00ea possa experimentar a funcionalidade total do nosso website. Eles nos permitem manter as sess\u00f5es dos usu\u00e1rios e prevenir qualquer amea\u00e7a \u00e0 seguran\u00e7a. Eles n\u00e3o coletam ou armazenam nenhuma informa\u00e7\u00e3o pessoal. Por exemplo, estes cookies permitem que voc\u00ea efetue login em sua conta, adicione produtos \u00e0 sua cesta e fa\u00e7a o checkout com seguran\u00e7a.<\/p>\n<p>Estat\u00edsticas: Estes cookies armazenam informa\u00e7\u00f5es como o n\u00famero de visitantes do site, o n\u00famero de visitantes \u00fanicos, quais p\u00e1ginas do site foram visitadas, a fonte da visita, etc. Estes dados nos ajudam a entender e analisar o desempenho do site e onde ele precisa ser melhorado.<\/p>\n<p>Marketing: Nosso website exibe an\u00fancios publicit\u00e1rios. Estes cookies s\u00e3o usados para personalizar os an\u00fancios que mostramos a voc\u00ea para que eles sejam significativos. Esses cookies tamb\u00e9m nos ajudam a acompanhar a efici\u00eancia dessas campanhas publicit\u00e1rias. As informa\u00e7\u00f5es armazenadas nestes cookies tamb\u00e9m podem ser utilizadas pelos provedores de an\u00fancios para mostrar an\u00fancios para voc\u00ea em outros sites no seu navegador.<\/p>\n<p>Funcionais: Estes s\u00e3o os cookies que ajudam certas funcionalidades n\u00e3o essenciais em nosso site. Estas funcionalidades incluem a incorpora\u00e7\u00e3o de conte\u00fado como v\u00eddeos ou compartilhamento de conte\u00fado do site em plataformas de m\u00eddia social.<\/p>\n<p>Prefer\u00eancias: Estes cookies nos ajudam a armazenar suas configura\u00e7\u00f5es e prefer\u00eancias de navega\u00e7\u00e3o, como prefer\u00eancias de idioma, para que voc\u00ea tenha uma experi\u00eancia melhor e mais eficiente em futuras visitas ao site.<p>A lista abaixo detalha os cookies usados em nosso site.<\/p><table class=\"cookielawinfo-row-cat-table cookielawinfo-classic\"><thead><tr><th class=\"cookielawinfo-column-1\">Cookie<\/th><th class=\"cookielawinfo-column-4\">Descri\u00e7\u00e3o<\/th><\/tr><\/thead><tbody><tr class=\"cookielawinfo-row\"><td class=\"cookielawinfo-column-1\">cookielawinfo-checkbox-analytics<\/td><td class=\"cookielawinfo-column-4\">This cookie is set by GDPR Cookie Consent plugin. The cookie is used to store the user consent for the cookies in the category \"Analytics\".<\/td><\/tr><tr class=\"cookielawinfo-row\"><td class=\"cookielawinfo-column-1\">cookielawinfo-checkbox-functional<\/td><td class=\"cookielawinfo-column-4\">The cookie is set by GDPR cookie consent to record the user consent for the cookies in the category \"Functional\".<\/td><\/tr><tr class=\"cookielawinfo-row\"><td class=\"cookielawinfo-column-1\">cookielawinfo-checkbox-necessary<\/td><td class=\"cookielawinfo-column-4\">This cookie is set by GDPR Cookie Consent plugin. The cookies is used to store the user consent for the cookies in the category \"Necessary\".<\/td><\/tr><tr class=\"cookielawinfo-row\"><td class=\"cookielawinfo-column-1\">cookielawinfo-checkbox-others<\/td><td class=\"cookielawinfo-column-4\">This cookie is set by GDPR Cookie Consent plugin. The cookie is used to store the user consent for the cookies in the category \"Other.<\/td><\/tr><tr class=\"cookielawinfo-row\"><td class=\"cookielawinfo-column-1\">cookielawinfo-checkbox-performance<\/td><td class=\"cookielawinfo-column-4\">This cookie is set by GDPR Cookie Consent plugin. The cookie is used to store the user consent for the cookies in the category \"Performance\".<\/td><\/tr><tr class=\"cookielawinfo-row\"><td class=\"cookielawinfo-column-1\">viewed_cookie_policy<\/td><td class=\"cookielawinfo-column-4\">The cookie is set by the GDPR Cookie Consent plugin and is used to store whether or not user has consented to the use of cookies. It does not store any personal data.<\/td><\/tr><\/tbody><\/table>\n<\/p><\/div>\n<h3>Como posso controlar as prefer\u00eancias de cookies?<\/h3>\n<div>\n<p>Caso voc\u00ea decida mudar suas prefer\u00eancias mais tarde atrav\u00e9s de sua sess\u00e3o de navega\u00e7\u00e3o, voc\u00ea pode clicar na guia &#8220;Pol\u00edtica de Privacidade e Cookies&#8221; em sua tela. Isso exibir\u00e1 novamente o aviso de consentimento permitindo que voc\u00ea altere suas prefer\u00eancias ou retire completamente seu consentimento.<\/p>\n<p>Al\u00e9m disso, diferentes navegadores fornecem diferentes m\u00e9todos para bloquear e excluir cookies utilizados por websites. Voc\u00ea pode alterar as configura\u00e7\u00f5es do seu navegador para bloquear\/eliminar os cookies. Para saber mais sobre como gerenciar e excluir cookies, visite wikipedia.org, www.allaboutcookies.org.<\/p>\n<\/div>\n<\/div>\n<\/div><\/div><style type=\"text\/css\">.fusion-body .fusion-builder-column-0{width:100% !important;margin-top : 0px;margin-bottom : 0px;}.fusion-builder-column-0 > .fusion-column-wrapper {padding-top : 0px !important;padding-right : 0px !important;margin-right : 1.92%;padding-bottom : 0px !important;padding-left : 0px !important;margin-left : 1.92%;}@media only screen and (max-width:1024px) {.fusion-body .fusion-builder-column-0{width:100% !important;}.fusion-builder-column-0 > .fusion-column-wrapper {margin-right : 1.92%;margin-left : 1.92%;}}@media only screen and (max-width:768px) {.fusion-body .fusion-builder-column-0{width:100% !important;}.fusion-builder-column-0 > .fusion-column-wrapper {margin-right : 1.92%;margin-left : 1.92%;}}<\/style><\/div><\/div><style type=\"text\/css\">.fusion-body .fusion-flex-container.fusion-builder-row-1{ padding-top : 0px;margin-top : 100px;padding-right : 0px;padding-bottom : 0px;margin-bottom : 60px;padding-left : 0px;}<\/style><\/div>\n","protected":false},"excerpt":{"rendered":"","protected":false},"author":1,"featured_media":0,"parent":0,"menu_order":0,"comment_status":"closed","ping_status":"closed","template":"","meta":{"footnotes":""},"class_list":["post-952","page","type-page","status-publish","hentry"],"_links":{"self":[{"href":"https:\/\/onebyone.org.br\/site\/wp-json\/wp\/v2\/pages\/952","targetHints":{"allow":["GET"]}}],"collection":[{"href":"https:\/\/onebyone.org.br\/site\/wp-json\/wp\/v2\/pages"}],"about":[{"href":"https:\/\/onebyone.org.br\/site\/wp-json\/wp\/v2\/types\/page"}],"author":[{"embeddable":true,"href":"https:\/\/onebyone.org.br\/site\/wp-json\/wp\/v2\/users\/1"}],"replies":[{"embeddable":true,"href":"https:\/\/onebyone.org.br\/site\/wp-json\/wp\/v2\/comments?post=952"}],"version-history":[{"count":8,"href":"https:\/\/onebyone.org.br\/site\/wp-json\/wp\/v2\/pages\/952\/revisions"}],"predecessor-version":[{"id":958,"href":"https:\/\/onebyone.org.br\/site\/wp-json\/wp\/v2\/pages\/952\/revisions\/958"}],"wp:attachment":[{"href":"https:\/\/onebyone.org.br\/site\/wp-json\/wp\/v2\/media?parent=952"}],"curies":[{"name":"wp","href":"https:\/\/api.w.org\/{rel}","templated":true}]}}